{"id":103,"date":"2019-02-10T13:35:58","date_gmt":"2019-02-10T12:35:58","guid":{"rendered":"https:\/\/haus-sabine-braunlage.4lima.de\/?page_id=103"},"modified":"2023-03-05T15:35:05","modified_gmt":"2023-03-05T14:35:05","slug":"impressum","status":"publish","type":"page","link":"https:\/\/haus-sabine-braunlage.4lima.de\/index.php\/impressum\/","title":{"rendered":"Impressum"},"content":{"rendered":"\n<p>Angaben gem\u00e4\u00df \u00a7 5 Telemediengesetz (TMG):<\/p>\n\n\n\n<p>Sabine Winter<br>Am Schultal 10a<br>38700 Braunlage<br>Deutschland<\/p>\n\n\n\n<p>Kontakt:<br>E-Mail: info@haus-sabine-braunlage.de<\/p>\n\n\n\n<p>Umsatzsteuer-Identifikationsnummer gem\u00e4\u00df \u00a7 27 a Umsatzsteuergesetz (UStG): DE 123 456 789<br>\nEvtl. Wirtschafts-Identifikationsnummer<br>\nEvtl. zust\u00e4ndige Aufsichtsbeh\u00f6rde<\/p>\n\n\n\n<p>Verantwortlicher f\u00fcr den Inhalt ist gem\u00e4\u00df \u00a7 55 Abs. 2 Rundfunkstaatsvertrag (RStV):<\/p>\n\n\n\n<p>Carsten Winter<br>Lauterberger Stra\u00dfe 38<br>38700 Braunlage<br><\/p>\n\n\n\n<p>Ausschluss der Haftung:<\/p>\n\n\n\n<p>1. Haftung f\u00fcr Inhalte<br>\nDer Inhalt meiner Internetseite wurde mit gr\u00f6\u00dftm\u00f6glicher Sorgfalt erstellt. Ich \u00fcbernehme jedoch keine Gew\u00e4hr daf\u00fcr, dass dieser Inhalt richtig, vollst\u00e4ndig, und aktuell ist und zudem noch gef\u00e4llt. Gem\u00e4\u00df \u00a7 7 Abs. 1 TMG bin ich f\u00fcr den Inhalt verantwortlich, selbst wenn dieser wurde bestellt.<br>\nGem\u00e4\u00df den \u00a7\u00a7 8, 9 und 10 TMG ist f\u00fcr mich keine Verpflichtung gegeben, dass ich Informationen von Dritten, die \u00fcbermittelt oder gespeichert wurden, \u00fcberwache oder Umst\u00e4nde erhebe, die Hinweise auf nicht rechtm\u00e4\u00dfige T\u00e4tigkeiten ergeben.<br>\nDavon nicht ber\u00fchrt, ist meine Verpflichtung zur Sperrung oder Entfernung von Informationen, welche von den allgemeinen Gesetzen herr\u00fchrt und denen Beachtung geb\u00fchrt.<br>\nIch hafte allerdings erst in dem Moment, in dem ich von einer konkreten Verletzung von Rechten Kenntnis bekomme. Dann wird eine unverz\u00fcgliche Entfernung des entsprechenden Inhalts vorgenommen.<\/p>\n\n\n\n<p>2. Haftung f\u00fcr Links<br>\nMeine Internetseite enth\u00e4lt Links, die zu externen Internetseiten von Dritten f\u00fchren, auf deren Inhalte ich jedoch keinen Einfluss habe. Es ist mir daher nicht m\u00f6glich, eine Gew\u00e4hr f\u00fcr diese Inhalte zu tragen.<br>\nDie Verantwortung daf\u00fcr hat immer der jeweilige Anbieter\/Betreiber der entsprechenden Internetseite. Ich \u00fcberpr\u00fcfe die von mir verlinkten Internetseiten zum Zeitpunkt der Verlinkung auf einen m\u00f6glichen Rechtsversto\u00df in voller Breite.<br>\nEs kann mir jedoch, ohne einen konkreten Anhaltspunkt, nicht zugemutet werden, st\u00e4ndig die verlinkten Internetseiten inhaltlich zu \u00fcberwachen. Wenn ich jedoch von einer Rechtsverletzung Kenntnis erlange, werde ich den entsprechenden Link unverz\u00fcglich entfernen, das kann ich machen.<\/p>\n\n\n\n<p>3. Urheberrecht<br>\nDie auf meiner Internetseite enthaltenen Inhalte sind, soweit m\u00f6glich, urheberrechtlich gesch\u00fctzt. Es bedarf einer schriftlichen Genehmigung des Erstellers f\u00fcr denjenigen, der die Inhalte vervielf\u00e4ltigt, bearbeitet, verbreitet oder n\u00fctzt.<br>\nDas Herunterladen und Kopieren meiner Internetseite ist sowohl f\u00fcr den privaten als auch den kommerziellen Gebrauch von mir schriftlich zu gestatten. Ich weise darauf hin, dass ich hinsichtlich der Inhalte auf meiner Internetseite, soweit sie nicht von mir erstellt worden sind, das Urheberrecht von Dritten jederzeit beachtet hatte.<br>\nWenn Sie mir mitteilen w\u00fcrden, dass Sie trotzdem eine Urheberrechtsverletzung gefunden haben, w\u00fcrde ich das sehr sch\u00e4tzen. Dann kann ich den entsprechenden Inhalt sofort entfernen und w\u00fcrde damit das Urheberrecht nicht mehr verletzen, einen rechtswidrigen Zustand also nicht fortsetzen.<\/p>\n\n\n\n<p>Muster-Impressum von der Flegl Rechtsanw\u00e4lte GmbH<br><\/p>\n","protected":false},"excerpt":{"rendered":"<p>Angaben gem\u00e4\u00df \u00a7 5 Telemediengesetz (TMG): Sabine WinterAm Schultal 10a38700 BraunlageDeutschland Kontakt:E-Mail: info@haus-sabine-braunlage.de Umsatzsteuer-Identifikationsnummer gem\u00e4\u00df \u00a7 27 a Umsatzsteuergesetz (UStG): DE 123 456 789 Evtl. Wirtschafts-Identifikationsnummer Evtl. zust\u00e4ndige Aufsichtsbeh\u00f6rde Verantwortlicher f\u00fcr den Inhalt ist gem\u00e4\u00df \u00a7 55 Abs. 2 Rundfunkstaatsvertrag (RStV): Carsten WinterLauterberger Stra\u00dfe 3838700 Braunlage Ausschluss der Haftung: 1. Haftung f\u00fcr Inhalte Der Inhalt [&hellip;]<\/p>\n","protected":false},"author":1,"featured_media":0,"parent":0,"menu_order":0,"comment_status":"closed","ping_status":"closed","template":"","meta":{"footnotes":""},"class_list":["post-103","page","type-page","status-publish","hentry"],"_links":{"self":[{"href":"https:\/\/haus-sabine-braunlage.4lima.de\/index.php\/wp-json\/wp\/v2\/pages\/103","targetHints":{"allow":["GET"]}}],"collection":[{"href":"https:\/\/haus-sabine-braunlage.4lima.de\/index.php\/wp-json\/wp\/v2\/pages"}],"about":[{"href":"https:\/\/haus-sabine-braunlage.4lima.de\/index.php\/wp-json\/wp\/v2\/types\/page"}],"author":[{"embeddable":true,"href":"https:\/\/haus-sabine-braunlage.4lima.de\/index.php\/wp-json\/wp\/v2\/users\/1"}],"replies":[{"embeddable":true,"href":"https:\/\/haus-sabine-braunlage.4lima.de\/index.php\/wp-json\/wp\/v2\/comments?post=103"}],"version-history":[{"count":4,"href":"https:\/\/haus-sabine-braunlage.4lima.de\/index.php\/wp-json\/wp\/v2\/pages\/103\/revisions"}],"predecessor-version":[{"id":224,"href":"https:\/\/haus-sabine-braunlage.4lima.de\/index.php\/wp-json\/wp\/v2\/pages\/103\/revisions\/224"}],"wp:attachment":[{"href":"https:\/\/haus-sabine-braunlage.4lima.de\/index.php\/wp-json\/wp\/v2\/media?parent=103"}],"curies":[{"name":"wp","href":"https:\/\/api.w.org\/{rel}","templated":true}]}}