{"id":149,"date":"2019-02-10T16:07:29","date_gmt":"2019-02-10T15:07:29","guid":{"rendered":"https:\/\/haus-sabine-braunlage.4lima.de\/?page_id=149"},"modified":"2021-05-22T15:40:41","modified_gmt":"2021-05-22T13:40:41","slug":"gemeinschaftskueche","status":"publish","type":"page","link":"https:\/\/haus-sabine-braunlage.4lima.de\/index.php\/gemeinschaftskueche\/","title":{"rendered":"Gemeinschaftsk\u00fcche"},"content":{"rendered":"\t\t<div data-elementor-type=\"wp-page\" data-elementor-id=\"149\" class=\"elementor elementor-149\">\n\t\t\t\t\t\t<section class=\"elementor-section elementor-top-section elementor-element elementor-element-2c97e482 elementor-section-boxed elementor-section-height-default elementor-section-height-default\" data-id=\"2c97e482\" data-element_type=\"section\">\n\t\t\t\t\t\t<div class=\"elementor-container elementor-column-gap-default\">\n\t\t\t\t\t<div class=\"elementor-column elementor-col-100 elementor-top-column elementor-element elementor-element-344fe819\" data-id=\"344fe819\" data-element_type=\"column\">\n\t\t\t<div class=\"elementor-widget-wrap elementor-element-populated\">\n\t\t\t\t\t\t<div class=\"elementor-element elementor-element-62e15e94 elementor-widget elementor-widget-text-editor\" data-id=\"62e15e94\" data-element_type=\"widget\" data-widget_type=\"text-editor.default\">\n\t\t\t\t<div class=\"elementor-widget-container\">\n\t\t\t\t\t\t\t\t\t\n<p>Die Gemeinschaftsk\u00fcche ist gut ausgestattet und im Wesentlichen f\u00fcr die Zubereitung von Fr\u00fchst\u00fcck gedacht. Es k\u00f6nnen aber auch anderweitige Speisen zubereitet werden. Sie verf\u00fcgt \u00fcber eine Kaffeemaschine, einen Wasserkocher, 2 Kochplatten, eine Mikrowelle, einen Pizzaofen und eine Geschirrsp\u00fclmaschine.<\/p>\n\n<ul class=\"wp-block-gallery columns-1 is-cropped wp-block-gallery-2 is-layout-flex wp-block-gallery-is-layout-flex\">\n<li class=\"blocks-gallery-item\">\n<figure><img fetchpriority=\"high\" decoding=\"async\" class=\"alignnone wp-image-179 size-full\" src=\"https:\/\/haus-sabine-braunlage.4lima.de\/wp-content\/uploads\/2021\/05\/IMG_9521_web.jpg\" alt=\"\" width=\"1008\" height=\"756\" data-id=\"151\" data-link=\"https:\/\/haus-sabine-braunlage.4lima.de\/?attachment_id=151#main\" srcset=\"https:\/\/haus-sabine-braunlage.4lima.de\/wp-content\/uploads\/2021\/05\/IMG_9521_web.jpg 1008w, https:\/\/haus-sabine-braunlage.4lima.de\/wp-content\/uploads\/2021\/05\/IMG_9521_web-300x225.jpg 300w, https:\/\/haus-sabine-braunlage.4lima.de\/wp-content\/uploads\/2021\/05\/IMG_9521_web-768x576.jpg 768w\" sizes=\"(max-width: 1008px) 100vw, 1008px\" \/><\/figure>\n<\/li>\n<li class=\"blocks-gallery-item\">\n<figure><img decoding=\"async\" class=\"alignnone wp-image-180 size-full\" src=\"https:\/\/haus-sabine-braunlage.4lima.de\/wp-content\/uploads\/2021\/05\/IMG_9523_web.jpg\" alt=\"\" width=\"1008\" height=\"756\" data-id=\"152\" data-link=\"https:\/\/haus-sabine-braunlage.4lima.de\/?attachment_id=152#main\" srcset=\"https:\/\/haus-sabine-braunlage.4lima.de\/wp-content\/uploads\/2021\/05\/IMG_9523_web.jpg 1008w, https:\/\/haus-sabine-braunlage.4lima.de\/wp-content\/uploads\/2021\/05\/IMG_9523_web-300x225.jpg 300w, https:\/\/haus-sabine-braunlage.4lima.de\/wp-content\/uploads\/2021\/05\/IMG_9523_web-768x576.jpg 768w\" sizes=\"(max-width: 1008px) 100vw, 1008px\" \/><\/figure>\n<\/li>\n<li class=\"blocks-gallery-item\">\n<figure><img decoding=\"async\" class=\"alignnone wp-image-178 size-full\" src=\"https:\/\/haus-sabine-braunlage.4lima.de\/wp-content\/uploads\/2021\/05\/Gemeinschaftskueche1_web.jpg\" alt=\"\" width=\"1008\" height=\"756\" data-id=\"153\" data-link=\"https:\/\/haus-sabine-braunlage.4lima.de\/?attachment_id=153#main\" srcset=\"https:\/\/haus-sabine-braunlage.4lima.de\/wp-content\/uploads\/2021\/05\/Gemeinschaftskueche1_web.jpg 1008w, https:\/\/haus-sabine-braunlage.4lima.de\/wp-content\/uploads\/2021\/05\/Gemeinschaftskueche1_web-300x225.jpg 300w, https:\/\/haus-sabine-braunlage.4lima.de\/wp-content\/uploads\/2021\/05\/Gemeinschaftskueche1_web-768x576.jpg 768w\" sizes=\"(max-width: 1008px) 100vw, 1008px\" \/><\/figure>\n<\/li>\n<\/ul>\n\t\t\t\t\t\t\t\t<\/div>\n\t\t\t\t<\/div>\n\t\t\t\t\t<\/div>\n\t\t<\/div>\n\t\t\t\t\t<\/div>\n\t\t<\/section>\n\t\t\t\t<\/div>\n\t\t","protected":false},"excerpt":{"rendered":"<p>Die Gemeinschaftsk\u00fcche ist gut ausgestattet und im Wesentlichen f\u00fcr die Zubereitung von Fr\u00fchst\u00fcck gedacht. Es k\u00f6nnen aber auch anderweitige Speisen zubereitet werden. Sie verf\u00fcgt \u00fcber eine Kaffeemaschine, einen Wasserkocher, 2 Kochplatten, eine Mikrowelle, einen Pizzaofen und eine Geschirrsp\u00fclmaschine.<\/p>\n","protected":false},"author":1,"featured_media":0,"parent":0,"menu_order":0,"comment_status":"closed","ping_status":"closed","template":"","meta":{"footnotes":""},"class_list":["post-149","page","type-page","status-publish","hentry"],"_links":{"self":[{"href":"https:\/\/haus-sabine-braunlage.4lima.de\/index.php\/wp-json\/wp\/v2\/pages\/149","targetHints":{"allow":["GET"]}}],"collection":[{"href":"https:\/\/haus-sabine-braunlage.4lima.de\/index.php\/wp-json\/wp\/v2\/pages"}],"about":[{"href":"https:\/\/haus-sabine-braunlage.4lima.de\/index.php\/wp-json\/wp\/v2\/types\/page"}],"author":[{"embeddable":true,"href":"https:\/\/haus-sabine-braunlage.4lima.de\/index.php\/wp-json\/wp\/v2\/users\/1"}],"replies":[{"embeddable":true,"href":"https:\/\/haus-sabine-braunlage.4lima.de\/index.php\/wp-json\/wp\/v2\/comments?post=149"}],"version-history":[{"count":4,"href":"https:\/\/haus-sabine-braunlage.4lima.de\/index.php\/wp-json\/wp\/v2\/pages\/149\/revisions"}],"predecessor-version":[{"id":206,"href":"https:\/\/haus-sabine-braunlage.4lima.de\/index.php\/wp-json\/wp\/v2\/pages\/149\/revisions\/206"}],"wp:attachment":[{"href":"https:\/\/haus-sabine-braunlage.4lima.de\/index.php\/wp-json\/wp\/v2\/media?parent=149"}],"curies":[{"name":"wp","href":"https:\/\/api.w.org\/{rel}","templated":true}]}}