{"id":43,"date":"2019-02-09T18:07:44","date_gmt":"2019-02-09T17:07:44","guid":{"rendered":"https:\/\/haus-sabine-braunlage.4lima.de\/?page_id=43"},"modified":"2025-03-07T19:39:48","modified_gmt":"2025-03-07T18:39:48","slug":"zimmer-3-einzelzimmer","status":"publish","type":"page","link":"https:\/\/haus-sabine-braunlage.4lima.de\/index.php\/zimmer-3-einzelzimmer\/","title":{"rendered":"Zimmer 3 &#8211; Einzelzimmer"},"content":{"rendered":"\t\t<div data-elementor-type=\"wp-page\" data-elementor-id=\"43\" class=\"elementor elementor-43\">\n\t\t\t\t\t\t<section class=\"elementor-section elementor-top-section elementor-element elementor-element-4670a39a elementor-section-boxed elementor-section-height-default elementor-section-height-default\" data-id=\"4670a39a\" data-element_type=\"section\">\n\t\t\t\t\t\t<div class=\"elementor-container elementor-column-gap-default\">\n\t\t\t\t\t<div class=\"elementor-column elementor-col-100 elementor-top-column elementor-element elementor-element-5f6cdb83\" data-id=\"5f6cdb83\" data-element_type=\"column\">\n\t\t\t<div class=\"elementor-widget-wrap elementor-element-populated\">\n\t\t\t\t\t\t<div class=\"elementor-element elementor-element-1f94bc14 elementor-widget elementor-widget-text-editor\" data-id=\"1f94bc14\" data-element_type=\"widget\" data-widget_type=\"text-editor.default\">\n\t\t\t\t<div class=\"elementor-widget-container\">\n\t\t\t\t\t\t\t\t\t\n<p>Das \u201eZimmer 3\u201c ist als Einzelzimmer ausgelegt, kann aber auch mit 2 Personen bewohnt werden. Die Bettenbreite betr\u00e4gt 140 cm. Es verf\u00fcgt \u00fcber einen eigenen Balkon, sowie einer Dusche mit WC.<\/p>\n\n<ul class=\"wp-block-gallery columns-1 is-cropped wp-block-gallery-2 is-layout-flex wp-block-gallery-is-layout-flex\">\n<li class=\"blocks-gallery-item\">\n<figure><img fetchpriority=\"high\" decoding=\"async\" width=\"1024\" height=\"683\" class=\"wp-image-44\" src=\"https:\/\/haus-sabine-braunlage.4lima.de\/wp-content\/uploads\/2019\/02\/NSL_20180628_99558-1024x683.jpg\" alt=\"\" data-id=\"44\" data-link=\"https:\/\/haus-sabine-braunlage.4lima.de\/index.php\/zimmer__trashed\/zimmer-3-einzelzimmer\/nsl_20180628_99558\/#main\" srcset=\"https:\/\/haus-sabine-braunlage.4lima.de\/wp-content\/uploads\/2019\/02\/NSL_20180628_99558-1024x683.jpg 1024w, https:\/\/haus-sabine-braunlage.4lima.de\/wp-content\/uploads\/2019\/02\/NSL_20180628_99558-300x200.jpg 300w, https:\/\/haus-sabine-braunlage.4lima.de\/wp-content\/uploads\/2019\/02\/NSL_20180628_99558-768x512.jpg 768w, https:\/\/haus-sabine-braunlage.4lima.de\/wp-content\/uploads\/2019\/02\/NSL_20180628_99558.jpg 2048w\" sizes=\"(max-width: 1024px) 100vw, 1024px\" \/><\/figure>\n<\/li>\n<li class=\"blocks-gallery-item\">\n<figure><img decoding=\"async\" class=\"alignnone wp-image-186 size-full\" src=\"https:\/\/haus-sabine-braunlage.4lima.de\/wp-content\/uploads\/2021\/05\/IMG_9535_web.jpg\" alt=\"\" width=\"1008\" height=\"756\" data-id=\"136\" data-link=\"https:\/\/haus-sabine-braunlage.4lima.de\/index.php\/zimmer__trashed\/zimmer-3-einzelzimmer\/nsl_20180628_99569\/#main\" srcset=\"https:\/\/haus-sabine-braunlage.4lima.de\/wp-content\/uploads\/2021\/05\/IMG_9535_web.jpg 1008w, https:\/\/haus-sabine-braunlage.4lima.de\/wp-content\/uploads\/2021\/05\/IMG_9535_web-300x225.jpg 300w, https:\/\/haus-sabine-braunlage.4lima.de\/wp-content\/uploads\/2021\/05\/IMG_9535_web-768x576.jpg 768w\" sizes=\"(max-width: 1008px) 100vw, 1008px\" \/><\/figure>\n<\/li>\n<li class=\"blocks-gallery-item\">\n<figure><img decoding=\"async\" class=\"alignnone wp-image-250 size-large\" src=\"https:\/\/haus-sabine-braunlage.4lima.de\/wp-content\/uploads\/2025\/03\/IMG_6876-768x1024.jpg\" alt=\"\" width=\"680\" height=\"907\" data-id=\"133\" data-link=\"https:\/\/haus-sabine-braunlage.4lima.de\/index.php\/zimmer__trashed\/zimmer-3-einzelzimmer\/nsl_20180628_99559\/#main\" srcset=\"https:\/\/haus-sabine-braunlage.4lima.de\/wp-content\/uploads\/2025\/03\/IMG_6876-768x1024.jpg 768w, https:\/\/haus-sabine-braunlage.4lima.de\/wp-content\/uploads\/2025\/03\/IMG_6876-225x300.jpg 225w, https:\/\/haus-sabine-braunlage.4lima.de\/wp-content\/uploads\/2025\/03\/IMG_6876-1152x1536.jpg 1152w, https:\/\/haus-sabine-braunlage.4lima.de\/wp-content\/uploads\/2025\/03\/IMG_6876-1536x2048.jpg 1536w, https:\/\/haus-sabine-braunlage.4lima.de\/wp-content\/uploads\/2025\/03\/IMG_6876-scaled.jpg 1920w\" sizes=\"(max-width: 680px) 100vw, 680px\" \/><\/figure>\n<\/li>\n<li class=\"blocks-gallery-item\">\n<figure><img loading=\"lazy\" decoding=\"async\" width=\"1024\" height=\"683\" class=\"wp-image-134\" src=\"https:\/\/haus-sabine-braunlage.4lima.de\/wp-content\/uploads\/2019\/02\/NSL_20180628_99565-1024x683.jpg\" alt=\"\" data-id=\"134\" data-link=\"https:\/\/haus-sabine-braunlage.4lima.de\/index.php\/zimmer__trashed\/zimmer-3-einzelzimmer\/nsl_20180628_99565\/#main\" srcset=\"https:\/\/haus-sabine-braunlage.4lima.de\/wp-content\/uploads\/2019\/02\/NSL_20180628_99565-1024x683.jpg 1024w, https:\/\/haus-sabine-braunlage.4lima.de\/wp-content\/uploads\/2019\/02\/NSL_20180628_99565-300x200.jpg 300w, https:\/\/haus-sabine-braunlage.4lima.de\/wp-content\/uploads\/2019\/02\/NSL_20180628_99565-768x512.jpg 768w, https:\/\/haus-sabine-braunlage.4lima.de\/wp-content\/uploads\/2019\/02\/NSL_20180628_99565.jpg 2048w\" sizes=\"(max-width: 1024px) 100vw, 1024px\" \/><\/figure>\n<\/li>\n<li class=\"blocks-gallery-item\">\n<figure><img loading=\"lazy\" decoding=\"async\" class=\"alignnone wp-image-188 size-full\" src=\"https:\/\/haus-sabine-braunlage.4lima.de\/wp-content\/uploads\/2021\/05\/IMG_9537_web.jpg\" alt=\"\" width=\"1008\" height=\"756\" data-id=\"135\" data-link=\"https:\/\/haus-sabine-braunlage.4lima.de\/index.php\/zimmer__trashed\/zimmer-3-einzelzimmer\/nsl_20180628_99562\/#main\" srcset=\"https:\/\/haus-sabine-braunlage.4lima.de\/wp-content\/uploads\/2021\/05\/IMG_9537_web.jpg 1008w, https:\/\/haus-sabine-braunlage.4lima.de\/wp-content\/uploads\/2021\/05\/IMG_9537_web-300x225.jpg 300w, https:\/\/haus-sabine-braunlage.4lima.de\/wp-content\/uploads\/2021\/05\/IMG_9537_web-768x576.jpg 768w\" sizes=\"(max-width: 1008px) 100vw, 1008px\" \/><\/figure>\n<\/li>\n<li class=\"blocks-gallery-item\">\n<figure><img loading=\"lazy\" decoding=\"async\" width=\"1024\" height=\"683\" class=\"wp-image-137\" src=\"https:\/\/haus-sabine-braunlage.4lima.de\/wp-content\/uploads\/2019\/02\/NSL_20180628_99570-1024x683.jpg\" alt=\"\" data-id=\"137\" data-link=\"https:\/\/haus-sabine-braunlage.4lima.de\/index.php\/zimmer__trashed\/zimmer-3-einzelzimmer\/nsl_20180628_99570\/#main\" srcset=\"https:\/\/haus-sabine-braunlage.4lima.de\/wp-content\/uploads\/2019\/02\/NSL_20180628_99570-1024x683.jpg 1024w, https:\/\/haus-sabine-braunlage.4lima.de\/wp-content\/uploads\/2019\/02\/NSL_20180628_99570-300x200.jpg 300w, https:\/\/haus-sabine-braunlage.4lima.de\/wp-content\/uploads\/2019\/02\/NSL_20180628_99570-768x512.jpg 768w, https:\/\/haus-sabine-braunlage.4lima.de\/wp-content\/uploads\/2019\/02\/NSL_20180628_99570.jpg 2048w\" sizes=\"(max-width: 1024px) 100vw, 1024px\" \/><\/figure>\n<\/li>\n<\/ul>\n\t\t\t\t\t\t\t\t<\/div>\n\t\t\t\t<\/div>\n\t\t\t\t\t<\/div>\n\t\t<\/div>\n\t\t\t\t\t<\/div>\n\t\t<\/section>\n\t\t\t\t<\/div>\n\t\t","protected":false},"excerpt":{"rendered":"<p>Das \u201eZimmer 3\u201c ist als Einzelzimmer ausgelegt, kann aber auch mit 2 Personen bewohnt werden. Die Bettenbreite betr\u00e4gt 140 cm. Es verf\u00fcgt \u00fcber einen eigenen Balkon, sowie einer Dusche mit WC.<\/p>\n","protected":false},"author":1,"featured_media":0,"parent":0,"menu_order":0,"comment_status":"closed","ping_status":"closed","template":"","meta":{"footnotes":""},"class_list":["post-43","page","type-page","status-publish","hentry"],"_links":{"self":[{"href":"https:\/\/haus-sabine-braunlage.4lima.de\/index.php\/wp-json\/wp\/v2\/pages\/43","targetHints":{"allow":["GET"]}}],"collection":[{"href":"https:\/\/haus-sabine-braunlage.4lima.de\/index.php\/wp-json\/wp\/v2\/pages"}],"about":[{"href":"https:\/\/haus-sabine-braunlage.4lima.de\/index.php\/wp-json\/wp\/v2\/types\/page"}],"author":[{"embeddable":true,"href":"https:\/\/haus-sabine-braunlage.4lima.de\/index.php\/wp-json\/wp\/v2\/users\/1"}],"replies":[{"embeddable":true,"href":"https:\/\/haus-sabine-braunlage.4lima.de\/index.php\/wp-json\/wp\/v2\/comments?post=43"}],"version-history":[{"count":8,"href":"https:\/\/haus-sabine-braunlage.4lima.de\/index.php\/wp-json\/wp\/v2\/pages\/43\/revisions"}],"predecessor-version":[{"id":259,"href":"https:\/\/haus-sabine-braunlage.4lima.de\/index.php\/wp-json\/wp\/v2\/pages\/43\/revisions\/259"}],"wp:attachment":[{"href":"https:\/\/haus-sabine-braunlage.4lima.de\/index.php\/wp-json\/wp\/v2\/media?parent=43"}],"curies":[{"name":"wp","href":"https:\/\/api.w.org\/{rel}","templated":true}]}}